{"id":1378,"date":"2024-09-26T20:15:17","date_gmt":"2024-09-26T20:15:17","guid":{"rendered":"https:\/\/antecamara-galeria.pt\/sobre-a-antecamara\/"},"modified":"2025-04-14T11:03:49","modified_gmt":"2025-04-14T11:03:49","slug":"sobre-a-antecamara","status":"publish","type":"page","link":"https:\/\/antecamara-galeria.pt\/en\/sobre-a-antecamara\/","title":{"rendered":"Sobre a Antec\u00e2mara"},"content":{"rendered":"<div class=\"wpb-content-wrapper\"><p>[vc_row css_animation=&#8221;&#8221; row_type=&#8221;row&#8221; use_row_as_full_screen_section=&#8221;no&#8221; type=&#8221;full_width&#8221; angled_section=&#8221;no&#8221; text_align=&#8221;left&#8221; background_image_as_pattern=&#8221;without_pattern&#8221; css=&#8221;.vc_custom_1737532949509{border-color: #000000 !important;}&#8221; z_index=&#8221;&#8221; el_class=&#8221;h1_titulo_container&#8221;][vc_column][vc_column_text css=&#8221;&#8221;]<\/p>\n<h1 style=\"text-align: right;\">Sobre a Antec\u00e2mara<\/h1>\n<p>[\/vc_column_text][\/vc_column][\/vc_row][vc_row css_animation=&#8221;&#8221; row_type=&#8221;row&#8221; use_row_as_full_screen_section=&#8221;no&#8221; type=&#8221;full_width&#8221; angled_section=&#8221;no&#8221; text_align=&#8221;left&#8221; background_image_as_pattern=&#8221;without_pattern&#8221; el_class=&#8221;ac_container_content&#8221; z_index=&#8221;&#8221; css=&#8221;.vc_custom_1738172622261{border-bottom-width: 0px !important;border-bottom-style: solid !important;border-color: #000000 !important;}&#8221;][vc_column width=&#8221;1\/2&#8243; el_class=&#8221;ac_single_podcast_player&#8221;][vc_column_text css=&#8221;&#8221; el_class=&#8221;podcast_post_image&#8221;]<img decoding=\"async\" src=\"https:\/\/antecamara-galeria.pt\/wp-content\/uploads\/2025\/04\/MG_1979_X-scaled.jpg\" alt=\"Sobre a Antec\u00e2mara\" class=\"post-featured-image\">[\/vc_column_text][\/vc_column][vc_column width=&#8221;1\/2&#8243; el_class=&#8221;ac_single_podcast_info&#8221; css=&#8221;.vc_custom_1737535234454{padding-bottom: 30px !important;}&#8221;][vc_column_text css=&#8221;&#8221;]ANTEC\u00c2MARA RADIO GALLERY is a project started in 2021, located in Anjos, Lisbon, which explores space and sound through the exhibition of experimental artistic pieces. Alongside artistic approaches that reveal different conceptual perspectives and methodologies that are particularly sensitive to the field of architecture. It questions and broadens notions about the city, architecture, disciplinary relationships, technical issues and the poetic or disruptive concerns of the society in which we live.<\/p>\n<p>R\u00c1DIO ANTEC\u00c2MARA is an edition of architectural content that uses the sound space to question and expand notions about the city, a heterogeneous and suspicious meeting place. With 3 years of broadcasting content, with national and international coverage, the radio already has 29 programmes and 263 episodes, including Sound It, Tela Habitada, Fora de P\u00e9, and currently Por Portas e Janelas and Uma Revolu\u00e7\u00e3o Assim. R\u00c1DIO ANTEC\u00c2MARA is also a partner of the P\u00fablico Jornal podcast network.[\/vc_column_text][\/vc_column][\/vc_row]<\/p>\n<\/div>","protected":false},"excerpt":{"rendered":"<p>[vc_row css_animation=&#8221;&#8221; row_type=&#8221;row&#8221; use_row_as_full_screen_section=&#8221;no&#8221; type=&#8221;full_width&#8221; angled_section=&#8221;no&#8221; text_align=&#8221;left&#8221; background_image_as_pattern=&#8221;without_pattern&#8221; css=&#8221;.vc_custom_1737532949509{border-color: #000000 !important;}&#8221; z_index=&#8221;&#8221; el_class=&#8221;h1_titulo_container&#8221;][vc_column][vc_column_text css=&#8221;&#8221;] [\/vc_column_text][\/vc_column][\/vc_row][vc_row css_animation=&#8221;&#8221; row_type=&#8221;row&#8221; use_row_as_full_screen_section=&#8221;no&#8221; type=&#8221;full_width&#8221; angled_section=&#8221;no&#8221; text_align=&#8221;left&#8221; background_image_as_pattern=&#8221;without_pattern&#8221; el_class=&#8221;ac_container_content&#8221; z_index=&#8221;&#8221; css=&#8221;.vc_custom_1738172622261{border-bottom-width: 0px !important;border-bottom-style: solid !important;border-color: #000000 !important;}&#8221;][vc_column width=&#8221;1\/2&#8243; el_class=&#8221;ac_single_podcast_player&#8221;][vc_column_text css=&#8221;&#8221; el_class=&#8221;podcast_post_image&#8221;][\/vc_column_text][\/vc_column][vc_column width=&#8221;1\/2&#8243; el_class=&#8221;ac_single_podcast_info&#8221; css=&#8221;.vc_custom_1737535234454{padding-bottom: 30px !important;}&#8221;][vc_column_text css=&#8221;&#8221;]ANTEC\u00c2MARA RADIO GALLERY is a&#8230;<\/p>\n","protected":false},"author":1,"featured_media":5004,"parent":0,"menu_order":2,"comment_status":"closed","ping_status":"closed","template":"","meta":{"_acf_changed":false,"inline_featured_image":false,"footnotes":""},"class_list":["post-1378","page","type-page","status-publish","has-post-thumbnail","hentry"],"acf":[],"_links":{"self":[{"href":"https:\/\/antecamara-galeria.pt\/en\/wp-json\/wp\/v2\/pages\/1378","targetHints":{"allow":["GET"]}}],"collection":[{"href":"https:\/\/antecamara-galeria.pt\/en\/wp-json\/wp\/v2\/pages"}],"about":[{"href":"https:\/\/antecamara-galeria.pt\/en\/wp-json\/wp\/v2\/types\/page"}],"author":[{"embeddable":true,"href":"https:\/\/antecamara-galeria.pt\/en\/wp-json\/wp\/v2\/users\/1"}],"replies":[{"embeddable":true,"href":"https:\/\/antecamara-galeria.pt\/en\/wp-json\/wp\/v2\/comments?post=1378"}],"version-history":[{"count":5,"href":"https:\/\/antecamara-galeria.pt\/en\/wp-json\/wp\/v2\/pages\/1378\/revisions"}],"predecessor-version":[{"id":5008,"href":"https:\/\/antecamara-galeria.pt\/en\/wp-json\/wp\/v2\/pages\/1378\/revisions\/5008"}],"wp:featuredmedia":[{"embeddable":true,"href":"https:\/\/antecamara-galeria.pt\/en\/wp-json\/wp\/v2\/media\/5004"}],"wp:attachment":[{"href":"https:\/\/antecamara-galeria.pt\/en\/wp-json\/wp\/v2\/media?parent=1378"}],"curies":[{"name":"wp","href":"https:\/\/api.w.org\/{rel}","templated":true}]}}