{"id":1375,"date":"2024-09-26T20:17:11","date_gmt":"2024-09-26T20:17:11","guid":{"rendered":"https:\/\/antecamara-galeria.pt\/antecamara-radio-galeria\/"},"modified":"2026-03-30T14:32:47","modified_gmt":"2026-03-30T14:32:47","slug":"antecamara-radio-galeria","status":"publish","type":"page","link":"https:\/\/antecamara-galeria.pt\/en\/","title":{"rendered":"Antec\u00e2mara"},"content":{"rendered":"<div class=\"wpb-content-wrapper\"><p>[vc_row css_animation=&#8221;&#8221; row_type=&#8221;row&#8221; use_row_as_full_screen_section=&#8221;no&#8221; type=&#8221;full_width&#8221; angled_section=&#8221;no&#8221; text_align=&#8221;left&#8221; background_image_as_pattern=&#8221;without_pattern&#8221; el_class=&#8221;ac_container_content&#8221; z_index=&#8221;&#8221; css=&#8221;.vc_custom_1738015053363{margin-bottom: 80px !important;}&#8221;][vc_column el_class=&#8221;ac_single_podcast_player&#8221;][vc_column_text css=&#8221;&#8221; el_class=&#8221;ac_expo_galeria&#8221;]            <div class=\"flexslider \">\n            <ul class=\"slides\">\n                                                    <li>\n                        <a href=\"https:\/\/antecamara-galeria.pt\/plant-based\/\">\n                        <div class=\"ac_top_slider_title\">\n                            <h3><h4>New Exhibition +<\/h4>\n<h3>Plant-Based<\/h3>\n<p>Exhibition by Jo\u00e3o Pimenta Gomes<\/p>\n<\/h3>\n                        <\/div>\n                                                    <img decoding=\"async\" src=\"https:\/\/antecamara-galeria.pt\/wp-content\/uploads\/2026\/03\/PLANT-BASED_ANTECAMARA_SITE.jpg\" alt=\"\">\n                                                <\/a>\n                    <\/li>\n                                                                    <li>\n                        <a href=\"https:\/\/antecamara-galeria.pt\/permanencias-efemeras\/\">\n                        <div class=\"ac_top_slider_title\">\n                            <h3><h4>New Exhibition +<\/h4>\n<h3>Perman\u00eancias Ef\u00eameras<\/h3>\n<p>Artist-in-Residence Programme by Antec\u00e2mara<br \/>\nInstallation by Campos Costa Architects<\/p>\n<\/h3>\n                        <\/div>\n                                                    <img decoding=\"async\" src=\"https:\/\/antecamara-galeria.pt\/wp-content\/uploads\/2026\/03\/PERMANENCIAS-EFEMERAS_ANTECAMARA.jpg\" alt=\"\">\n                                                <\/a>\n                    <\/li>\n                                                                    <li>\n                        <a href=\"https:\/\/antecamara-galeria.pt\/diario-de-gravacoes-onde-estao-as-pessoas-os-caes-os-gatos-e-os-passaros\/\">\n                        <div class=\"ac_top_slider_title\">\n                            <h3><h4>Exhibition on +<\/h4>\n<h3>Di\u00e1rio de Grava\u00e7\u00f5es &#8211; Onde est\u00e3o as pessoas, os c\u00e3es, os gatos e os p\u00e1ssaros?<\/h3>\n<p>Exhibition by Mariana P. C. Dias<\/p>\n<\/h3>\n                        <\/div>\n                                                    <img decoding=\"async\" src=\"https:\/\/antecamara-galeria.pt\/wp-content\/uploads\/2026\/03\/Antecamara_DiariodeGravacoes.jpg\" alt=\"\">\n                                                <\/a>\n                    <\/li>\n                                                                    <li>\n                        <a href=\"https:\/\/antecamara-galeria.pt\/listening-to-resonances-of-a-collective-body\/\">\n                        <div class=\"ac_top_slider_title\">\n                            <h3><\/h3>\n                        <\/div>\n                                                    <img decoding=\"async\" src=\"https:\/\/antecamara-galeria.pt\/wp-content\/uploads\/2025\/10\/MarianaPCDias_Antecamara_1.jpg\" alt=\"\">\n                                                <\/a>\n                    <\/li>\n                                                                            <\/ul>\n        <\/div>\n        [\/vc_column_text][\/vc_column][\/vc_row][vc_row css_animation=&#8221;&#8221; row_type=&#8221;row&#8221; use_row_as_full_screen_section=&#8221;no&#8221; type=&#8221;full_width&#8221; angled_section=&#8221;no&#8221; text_align=&#8221;left&#8221; background_image_as_pattern=&#8221;without_pattern&#8221; row_negative_margin=&#8221;disable_negative_margin&#8221; css=&#8221;.vc_custom_1735842160580{margin-right: -55px !important;margin-left: -55px !important;}&#8221; z_index=&#8221;&#8221;][vc_column width=&#8221;1\/2&#8243; css=&#8221;.vc_custom_1735846372648{padding-right: 40px !important;padding-bottom: 60px !important;padding-left: 40px !important;}&#8221;][vc_single_image image=&#8221;5013&#8243; img_size=&#8221;full&#8221; alignment=&#8221;center&#8221; onclick=&#8221;custom_link&#8221; css=&#8221;.vc_custom_1744629187164{padding-bottom: 20px !important;}&#8221; qode_css_animation=&#8221;&#8221; qode_hover_animation=&#8221;darken&#8221; link=&#8221;https:\/\/antecamara-galeria.pt\/galeria\/&#8221;][vc_column_text css=&#8221;&#8221;]GALERIA ANTEC\u00c2MARA \u00e9 um espa\u00e7o expositivo de artes relacionadas com a arquitetura. Um espa\u00e7o de encontro e de interesses, a antec\u00e2mara do CCA.[\/vc_column_text][\/vc_column][vc_column width=&#8221;1\/2&#8243; css=&#8221;.vc_custom_1735846366175{padding-right: 40px !important;padding-bottom: 60px !important;padding-left: 40px !important;}&#8221;][vc_single_image image=&#8221;5015&#8243; img_size=&#8221;full&#8221; alignment=&#8221;center&#8221; onclick=&#8221;custom_link&#8221; css=&#8221;.vc_custom_1744629177535{padding-bottom: 20px !important;}&#8221; qode_css_animation=&#8221;&#8221; qode_hover_animation=&#8221;darken&#8221; link=&#8221;https:\/\/antecamara-galeria.pt\/radio\/&#8221;][vc_column_text css=&#8221;&#8221;]R\u00c1DIO ANTEC\u00c2MARA \u00e9 uma edi\u00e7\u00e3o de conte\u00fados de arquitetura que usa o espa\u00e7o sonoro para questionar e expandir no\u00e7\u00f5es sobre a cidade, um lugar de encontro heterog\u00e9neo e desconfi(n)ado.[\/vc_column_text][\/vc_column][\/vc_row][vc_row css_animation=&#8221;&#8221; row_type=&#8221;row&#8221; use_row_as_full_screen_section=&#8221;no&#8221; type=&#8221;full_width&#8221; angled_section=&#8221;no&#8221; text_align=&#8221;left&#8221; background_image_as_pattern=&#8221;without_pattern&#8221; row_negative_margin=&#8221;disable_negative_margin&#8221; css=&#8221;.vc_custom_1738171853108{margin-right: -55px !important;margin-left: -55px !important;}&#8221; z_index=&#8221;&#8221;][vc_column width=&#8221;1\/2&#8243; css=&#8221;.vc_custom_1735846377296{padding-right: 40px !important;padding-bottom: 60px !important;padding-left: 40px !important;}&#8221;][vc_single_image image=&#8221;5019&#8243; img_size=&#8221;full&#8221; alignment=&#8221;center&#8221; onclick=&#8221;custom_link&#8221; css=&#8221;.vc_custom_1744629762219{padding-bottom: 20px !important;}&#8221; qode_css_animation=&#8221;&#8221; qode_hover_animation=&#8221;darken&#8221; link=&#8221;https:\/\/antecamara-galeria.pt\/about\/renting-place\/&#8221;][vc_column_text css=&#8221;&#8221;]ESPA\u00c7O ANTEC\u00c2MARA \u00e9 um espa\u00e7o de encontro entre a Arquitetura e Arte, de forma a dar voz e come\u00e7ar conversas sobre temas da sociedade. Abordando conteudos de Arquitetura, o espa\u00e7o estende-se a realiza\u00e7\u00e3o de workshops, residencias e pingpong dinners.[\/vc_column_text][\/vc_column][vc_column width=&#8221;1\/2&#8243; css=&#8221;.vc_custom_1735846383160{padding-right: 40px !important;padding-bottom: 60px !important;padding-left: 40px !important;}&#8221;][vc_single_image image=&#8221;5017&#8243; img_size=&#8221;full&#8221; alignment=&#8221;center&#8221; onclick=&#8221;custom_link&#8221; css=&#8221;.vc_custom_1744629496361{padding-bottom: 20px !important;}&#8221; qode_css_animation=&#8221;&#8221; qode_hover_animation=&#8221;darken&#8221; link=&#8221;https:\/\/antecamara-galeria.pt\/about\/loja\/&#8221;][vc_column_text css=&#8221;&#8221;]LOJA ANTEC\u00c2MARA \u00e9 um loja popup da Antec\u00e2mara, onde se pode encontrar diversos produtos desde notebooks, a arte, a livros produzidos.[\/vc_column_text][\/vc_column][\/vc_row]<\/p>\n<\/div>","protected":false},"excerpt":{"rendered":"<p>[vc_row css_animation=&#8221;&#8221; row_type=&#8221;row&#8221; use_row_as_full_screen_section=&#8221;no&#8221; type=&#8221;full_width&#8221; angled_section=&#8221;no&#8221; text_align=&#8221;left&#8221; background_image_as_pattern=&#8221;without_pattern&#8221; el_class=&#8221;ac_container_content&#8221; z_index=&#8221;&#8221; css=&#8221;.vc_custom_1738015053363{margin-bottom: 80px !important;}&#8221;][vc_column el_class=&#8221;ac_single_podcast_player&#8221;][vc_column_text css=&#8221;&#8221; el_class=&#8221;ac_expo_galeria&#8221;][\/vc_column_text][\/vc_column][\/vc_row][vc_row css_animation=&#8221;&#8221; row_type=&#8221;row&#8221; use_row_as_full_screen_section=&#8221;no&#8221; type=&#8221;full_width&#8221; angled_section=&#8221;no&#8221; text_align=&#8221;left&#8221; background_image_as_pattern=&#8221;without_pattern&#8221; row_negative_margin=&#8221;disable_negative_margin&#8221; css=&#8221;.vc_custom_1735842160580{margin-right: -55px !important;margin-left: -55px !important;}&#8221; z_index=&#8221;&#8221;][vc_column width=&#8221;1\/2&#8243; css=&#8221;.vc_custom_1735846372648{padding-right: 40px !important;padding-bottom: 60px !important;padding-left: 40px !important;}&#8221;][vc_single_image image=&#8221;5013&#8243; img_size=&#8221;full&#8221; alignment=&#8221;center&#8221; onclick=&#8221;custom_link&#8221; css=&#8221;.vc_custom_1744629187164{padding-bottom: 20px !important;}&#8221;&#8230;<\/p>\n","protected":false},"author":1,"featured_media":0,"parent":0,"menu_order":10,"comment_status":"closed","ping_status":"closed","template":"","meta":{"_acf_changed":false,"inline_featured_image":false,"footnotes":""},"class_list":["post-1375","page","type-page","status-publish","hentry"],"acf":[],"_links":{"self":[{"href":"https:\/\/antecamara-galeria.pt\/en\/wp-json\/wp\/v2\/pages\/1375","targetHints":{"allow":["GET"]}}],"collection":[{"href":"https:\/\/antecamara-galeria.pt\/en\/wp-json\/wp\/v2\/pages"}],"about":[{"href":"https:\/\/antecamara-galeria.pt\/en\/wp-json\/wp\/v2\/types\/page"}],"author":[{"embeddable":true,"href":"https:\/\/antecamara-galeria.pt\/en\/wp-json\/wp\/v2\/users\/1"}],"replies":[{"embeddable":true,"href":"https:\/\/antecamara-galeria.pt\/en\/wp-json\/wp\/v2\/comments?post=1375"}],"version-history":[{"count":22,"href":"https:\/\/antecamara-galeria.pt\/en\/wp-json\/wp\/v2\/pages\/1375\/revisions"}],"predecessor-version":[{"id":7802,"href":"https:\/\/antecamara-galeria.pt\/en\/wp-json\/wp\/v2\/pages\/1375\/revisions\/7802"}],"wp:attachment":[{"href":"https:\/\/antecamara-galeria.pt\/en\/wp-json\/wp\/v2\/media?parent=1375"}],"curies":[{"name":"wp","href":"https:\/\/api.w.org\/{rel}","templated":true}]}}